{"id":1415,"date":"2018-08-14T12:31:39","date_gmt":"2018-08-14T10:31:39","guid":{"rendered":"http:\/\/servomotors.b.wetopi.com\/formacion\/"},"modified":"2021-11-26T11:15:55","modified_gmt":"2021-11-26T10:15:55","slug":"formacion","status":"publish","type":"page","link":"https:\/\/www.servomotorsadjust.com\/ca\/formacion\/","title":{"rendered":"Formaci\u00f3"},"content":{"rendered":"<section data-vc-full-width=\"true\" data-vc-full-width-init=\"false\" data-vc-stretch-content=\"true\" class=\"vc_row wpb_row vc_row-fluid padding_bottom_xlg vc_custom_1535711636010 top-space pofo-stretch-content\"><div class=\"wpb_column vc_column_container vc_col-sm-7  col-xs-mobile-fullwidth\"><div class=\"vc_column-inner vc_custom_1534155975265\"><div class=\"wpb_wrapper\">[vc_single_image image=&#8221;2127&#8243; img_size=&#8221;full&#8221;]<\/div><\/div><\/div><div class=\"wpb_column vc_column_container vc_col-sm-5  col-xs-mobile-fullwidth pofo-column-responsive-69f2e0e1330f7\"><div class=\"vc_column-inner vc_custom_1536228429532\"><div class=\"wpb_wrapper\"><div class=\"vc_row wpb_row vc_inner vc_row-fluid\"><div class=\"wpb_column vc_column_container vc_col-sm-8  col-xs-mobile-fullwidth\"><div class=\"vc_column-inner \"><div class=\"wpb_wrapper\"><div class=\"last-paragraph-no-margin\"><h4><strong>Especialitza&#8217;t en la reparaci\u00f3 de vehicles el\u00e8ctrics i en el funcionament de servomotors. <\/strong><\/h4>\n<\/div>[vc_separator color=&#8221;black&#8221; align=&#8221;align_left&#8221; border_width=&#8221;4&#8243; el_width=&#8221;40&#8243;]<div class=\"text-extra-large font-weight-300  vc_custom_1547628771491 last-paragraph-no-margin\"><p>A Servo Motors Adjust pensem que la formaci\u00f3 constant \u00e9s essencial per respondre als reptes de la quarta Revoluci\u00f3 Industrial.<\/p>\n<p>La ind\u00fastria de l&#8217;automoci\u00f3 patir\u00e0 una transformaci\u00f3 encara m\u00e9s gran en els pr\u00f2xims 5 a 10 anys que en els 50 anteriors. Per aix\u00f2, qualsevol especialista necessita estar al dia de les tend\u00e8ncies disruptives que revolucionaran el sector en els propers anys.<\/p>\n<\/div><\/div><\/div><\/div><div class=\"wpb_column vc_column_container vc_col-sm-4  col-xs-mobile-fullwidth\"><div class=\"vc_column-inner \"><div class=\"wpb_wrapper\"><\/div><\/div><\/div><\/div><\/div><\/div><\/div><\/section><div class=\"vc_row-full-width vc_clearfix\"><\/div><section data-vc-full-width=\"true\" data-vc-full-width-init=\"false\" data-vc-stretch-content=\"true\" class=\"vc_row wpb_row vc_row-fluid  vc_custom_1533918147803 pofo-stretch-content\"><div class=\"wpb_column vc_column_container padding_top_md laptop_no_padding_top vc_col-sm-6  col-xs-mobile-fullwidth\"><div class=\"vc_column-inner \"><div class=\"wpb_wrapper\"><div class=\"vc_row wpb_row vc_inner vc_row-fluid\"><div class=\"wpb_column vc_column_container vc_col-sm-3  col-xs-mobile-fullwidth\"><div class=\"vc_column-inner \"><div class=\"wpb_wrapper\"><\/div><\/div><\/div><div class=\"wpb_column vc_column_container vc_col-sm-9  col-xs-mobile-fullwidth\"><div class=\"vc_column-inner \"><div class=\"wpb_wrapper\"><div class=\"last-paragraph-no-margin\"><h4><strong>Formaci\u00f3 especialitzada<\/strong><\/h4>\n<\/div>[vc_separator color=&#8221;black&#8221; align=&#8221;align_left&#8221; border_width=&#8221;4&#8243; el_width=&#8221;40&#8243; css=&#8221;.vc_custom_1539091490234{padding-bottom: 25px !important;}&#8221;]<div class=\"text-large line-height-30 font-weight-300  vc_custom_1542720035923 last-paragraph-no-margin\"><p><strong>Per a:<\/strong><\/p>\n<\/div><div class=\"text-large line-height-30 font-weight-300 last-paragraph-no-margin\"><ul>\n<li>Enginyers t\u00e8cnics.<\/li>\n<li>Professionals del sector automoci\u00f3.<\/li>\n<li>Professionals d&#8217;entitats p\u00fabliques amb vincles tecnol\u00f2gics.<\/li>\n<\/ul>\n<\/div><div class=\"text-large line-height-30 font-weight-300  vc_custom_1539091305933 last-paragraph-no-margin\"><p><strong>Programa:<\/strong><\/p>\n<\/div><div class=\"text-large line-height-30 font-weight-300 last-paragraph-no-margin\"><ul>\n<li>Cursos de 32 h.<\/li>\n<li>Cursos individuals o per a grups de 6 a 8 persones.<\/li>\n<li>Formaci\u00f3 en les instal\u00b7lacions del client o a les nostres instal\u00b7lacions.<\/li>\n<\/ul>\n<\/div><\/div><\/div><\/div><\/div><\/div><\/div><\/div><div class=\"wpb_column vc_column_container vc_col-sm-6 vc_hidden-xs col-xs-mobile-fullwidth\"><div class=\"vc_column-inner vc_custom_1536228088756\"><div class=\"wpb_wrapper\">[vc_single_image image=&#8221;2125&#8243; img_size=&#8221;full&#8221; alignment=&#8221;right&#8221;]<\/div><\/div><\/div><\/section><div class=\"vc_row-full-width vc_clearfix\"><\/div><section data-vc-full-width=\"true\" data-vc-full-width-init=\"false\" data-vc-stretch-content=\"true\" class=\"vc_row wpb_row vc_row-fluid padding_bottom_lg vc_custom_1534501341394 pofo-stretch-content\"><div class=\"wpb_column vc_column_container vc_col-sm-6  col-xs-mobile-fullwidth wow fadeIn\"><div class=\"vc_column-inner vc_custom_1535705595565\"><div class=\"wpb_wrapper\">[vc_single_image image=&#8221;523&#8243; img_size=&#8221;full&#8221; alignment=&#8221;right&#8221;]<\/div><\/div><\/div><div class=\"wpb_column vc_column_container vc_col-sm-6  col-xs-mobile-fullwidth wow slideInRight\"><div class=\"vc_column-inner vc_custom_1539091773560\"><div class=\"wpb_wrapper\"><div class=\"vc_row wpb_row vc_inner vc_row-fluid\"><div class=\"wpb_column vc_column_container vc_col-sm-10  col-xs-mobile-fullwidth\"><div class=\"vc_column-inner \"><div class=\"wpb_wrapper\"><div class=\" vc_custom_1633602967183 last-paragraph-no-margin\"><h4><strong>Formaci\u00f3 en reparaci\u00f3 de vehicles el\u00e8ctrics<\/strong><\/h4>\n<\/div>[vc_separator color=&#8221;black&#8221; align=&#8221;align_left&#8221; border_width=&#8221;4&#8243; el_width=&#8221;30&#8243; css=&#8221;.vc_custom_1534242165203{margin-bottom: 50px !important;}&#8221;]<div class=\"text-large line-height-40 font-weight-300  vc_custom_1542720213602 last-paragraph-no-margin\"><p><strong>Objectius del programa<\/strong><\/p>\n<\/div><div class=\"text-large line-height-40 font-weight-300 last-paragraph-no-margin\"><ul>\n<li>Analitzar els sistemes i tecnologies de la propulsi\u00f3 el\u00e8ctrica i h\u00edbrida (combinaci\u00f3 d&#8217;el\u00e8ctrica amb la combusti\u00f3 interna tradicional).<\/li>\n<li>Estudiar la tipologia i configuraci\u00f3 de la hibridaci\u00f3 d&#8217;acord amb el tipus de vehicle.<\/li>\n<li>Analitzar els sistemes d&#8217;emmagatzematge d&#8217;energia i la gesti\u00f3 interna.<\/li>\n<li>Aprendre les bases t\u00e8cniques dels motors el\u00e8ctrics utilitzats, i els sistemes de c\u00e0rrega dels elements d&#8217;emmagatzematge d&#8217;energia.<\/li>\n<\/ul>\n<\/div><div class=\"text-large line-height-40 font-weight-300 last-paragraph-no-margin\"><p>INCLOU PR\u00c0CTIQUES AMB CONVERTIDORS, TRANSMISSORS, C\u00c8L\u00b7LULES I BATERIES.<\/p>\n<\/div><\/div><\/div><\/div><div class=\"wpb_column vc_column_container vc_col-sm-2  col-xs-mobile-fullwidth pofo-column-responsive-69f2e0e133429\"><div class=\"vc_column-inner vc_custom_1536228733110\"><div class=\"wpb_wrapper\"><\/div><\/div><\/div><\/div><\/div><\/div><\/div><\/section><div class=\"vc_row-full-width vc_clearfix\"><\/div><section data-vc-full-width=\"true\" data-vc-full-width-init=\"false\" data-vc-stretch-content=\"true\" class=\"vc_row wpb_row vc_row-fluid  vc_custom_1533829469793 pofo-stretch-content\"><div class=\"wpb_column vc_column_container vc_col-sm-7  col-xs-mobile-fullwidth wow slideInLeft\"><div class=\"vc_column-inner vc_custom_1535705582730\"><div class=\"wpb_wrapper\"><div class=\"vc_row wpb_row vc_inner vc_row-fluid\"><div class=\"wpb_column vc_column_container vc_col-sm-3  col-xs-mobile-fullwidth\"><div class=\"vc_column-inner \"><div class=\"wpb_wrapper\"><\/div><\/div><\/div><div class=\"wpb_column vc_column_container vc_col-sm-9  col-xs-mobile-fullwidth\"><div class=\"vc_column-inner \"><div class=\"wpb_wrapper\"><div class=\" vc_custom_1637921749488 last-paragraph-no-margin\"><h4><strong>Formaci\u00f3 en reparaci\u00f3 de servomotors<\/strong><\/h4>\n<\/div>[vc_separator color=&#8221;black&#8221; align=&#8221;align_left&#8221; border_width=&#8221;4&#8243; el_width=&#8221;30&#8243; css=&#8221;.vc_custom_1539091970584{margin-bottom: 35px !important;}&#8221;]<div class=\"text-large font-weight-300 line-height-35  vc_custom_1542720453623 last-paragraph-no-margin\"><p><strong>Objectius del programa<\/strong><\/p>\n<\/div><div class=\"text-large font-weight-300 line-height-35 last-paragraph-no-margin\"><ul>\n<li>Analitzar qu\u00e8 \u00e9s un servomotor, aix\u00ed com els components b\u00e0sics d&#8217;un motor DC, un motor AC i un servomotor brushless.<\/li>\n<li>Estudiar els imants, equips auxiliars i drivers.<\/li>\n<li>Analitzar les diferents ind\u00fastries on pot treballar un servo sistema, el seu manteniment i beneficis per a l&#8217;empresa.<\/li>\n<li>Definir com s&#8217;elabora un pla preventiu per a un servomotor i per a un driver.<\/li>\n<\/ul>\n<\/div><\/div><\/div><\/div><\/div><\/div><\/div><\/div><div id=\"repara_sectores_col\" class=\"wpb_column vc_column_container padding_top_xlg laptop_no_padding_top vc_col-sm-5  col-xs-mobile-fullwidth wow fadeIn pofo-column-responsive-69f2e0e133591\"><div class=\"vc_column-inner vc_custom_1536228318916\"><div class=\"wpb_wrapper\"><div id=\"pofo-image-slider-1\" class=\"swiper-container height-100 width-100 white-move swiper-container-horizontal pofo-image-style2 pofo-image-slider-1  pofo-slider7 pofo-slider7-1\"><div class=\"swiper-wrapper\"><div class=\"swiper-slide\" data-swiper-slide-index=\"0\"><div class=\"container-fluid no-padding\"><div class=\"col-lg-12 no-padding text-center\"><img loading=\"lazy\" decoding=\"async\" src=\"https:\/\/www.servomotorsadjust.com\/wp-content\/uploads\/2019\/01\/formacion_3-1A.jpg\" class=\"width-100\" width=\"847\" height=\"647\" alt=\"\" srcset=\"https:\/\/www.servomotorsadjust.com\/wp-content\/uploads\/2019\/01\/formacion_3-1A.jpg 847w, https:\/\/www.servomotorsadjust.com\/wp-content\/uploads\/2019\/01\/formacion_3-1A-300x229.jpg 300w, https:\/\/www.servomotorsadjust.com\/wp-content\/uploads\/2019\/01\/formacion_3-1A-768x587.jpg 768w, https:\/\/www.servomotorsadjust.com\/wp-content\/uploads\/2019\/01\/formacion_3-1A-81x62.jpg 81w, https:\/\/www.servomotorsadjust.com\/wp-content\/uploads\/2019\/01\/formacion_3-1A-600x458.jpg 600w\" sizes=\"auto, (max-width: 847px) 100vw, 847px\"\/><\/div><\/div><\/div><div class=\"swiper-slide\" data-swiper-slide-index=\"0\"><div class=\"container-fluid no-padding\"><div class=\"col-lg-12 no-padding text-center\"><img loading=\"lazy\" decoding=\"async\" src=\"https:\/\/www.servomotorsadjust.com\/wp-content\/uploads\/2019\/01\/formacion_3-1B.jpg\" class=\"width-100\" width=\"847\" height=\"647\" alt=\"\" srcset=\"https:\/\/www.servomotorsadjust.com\/wp-content\/uploads\/2019\/01\/formacion_3-1B.jpg 847w, https:\/\/www.servomotorsadjust.com\/wp-content\/uploads\/2019\/01\/formacion_3-1B-300x229.jpg 300w, https:\/\/www.servomotorsadjust.com\/wp-content\/uploads\/2019\/01\/formacion_3-1B-768x587.jpg 768w, https:\/\/www.servomotorsadjust.com\/wp-content\/uploads\/2019\/01\/formacion_3-1B-81x62.jpg 81w, https:\/\/www.servomotorsadjust.com\/wp-content\/uploads\/2019\/01\/formacion_3-1B-600x458.jpg 600w\" sizes=\"auto, (max-width: 847px) 100vw, 847px\"\/><\/div><\/div><\/div><\/div><\/div><\/div><\/div><\/div><\/section><div class=\"vc_row-full-width vc_clearfix\"><\/div><section data-vc-full-width=\"true\" data-vc-full-width-init=\"false\" data-vc-stretch-content=\"true\" class=\"vc_row wpb_row vc_row-fluid padding_bottom_xlg vc_custom_1535705700338 wow fadeIn pofo-stretch-content\"><div class=\"wpb_column vc_column_container vc_col-has-fill vc_col-sm-6  col-xs-mobile-fullwidth wow none\"><div class=\"vc_column-inner vc_custom_1535705692286\"><div class=\"wpb_wrapper\"><div class=\"vc_row wpb_row vc_inner vc_row-fluid repara_form_col\"><div class=\"wpb_column vc_column_container vc_col-sm-6 vc_hidden-xs col-xs-mobile-fullwidth\"><div class=\"vc_column-inner \"><div class=\"wpb_wrapper\"><\/div><\/div><\/div><div class=\"wpb_column vc_column_container repara_form_col vc_col-sm-6  col-xs-mobile-fullwidth pofo-column-responsive-69f2e0e133a28\"><div class=\"vc_column-inner vc_custom_1536228613954\"><div class=\"wpb_wrapper\"><div class=\" vc_custom_1542720836162 last-paragraph-no-margin\"><h4><strong>M&#8217;interessa!<\/strong><\/h4>\n<\/div>\n<div class=\"wpcf7 no-js\" id=\"wpcf7-f1391-o1\" lang=\"ca\" dir=\"ltr\" data-wpcf7-id=\"1391\">\n<div class=\"screen-reader-response\"><p role=\"status\" aria-live=\"polite\" aria-atomic=\"true\"><\/p> <ul><\/ul><\/div>\n<form action=\"\/ca\/wp-json\/wp\/v2\/pages\/1415#wpcf7-f1391-o1\" method=\"post\" class=\"wpcf7-form init\" aria-label=\"Formulari de contacte\" novalidate=\"novalidate\" data-status=\"init\">\n<fieldset class=\"hidden-fields-container\"><input type=\"hidden\" name=\"_wpcf7\" value=\"1391\" \/><input type=\"hidden\" name=\"_wpcf7_version\" value=\"6.1.5\" \/><input type=\"hidden\" name=\"_wpcf7_locale\" value=\"ca\" \/><input type=\"hidden\" name=\"_wpcf7_unit_tag\" value=\"wpcf7-f1391-o1\" \/><input type=\"hidden\" name=\"_wpcf7_container_post\" value=\"0\" \/><input type=\"hidden\" name=\"_wpcf7_posted_data_hash\" value=\"\" \/>\n<\/fieldset>\n<p><span class=\"wpcf7-form-control-wrap\" data-name=\"your-name\"><input size=\"40\" maxlength=\"400\" class=\"wpcf7-form-control wpcf7-text wpcf7-validates-as-required\" aria-required=\"true\" aria-invalid=\"false\" placeholder=\"Nom\" value=\"\" type=\"text\" name=\"your-name\" \/><\/span>\n<\/p>\n<p><span class=\"wpcf7-form-control-wrap\" data-name=\"your-phone\"><input size=\"40\" maxlength=\"400\" class=\"wpcf7-form-control wpcf7-text wpcf7-validates-as-required\" aria-required=\"true\" aria-invalid=\"false\" placeholder=\"Tel\u00e8fon\" value=\"\" type=\"text\" name=\"your-phone\" \/><\/span>\n<\/p>\n<p><span class=\"wpcf7-form-control-wrap\" data-name=\"your-email\"><input size=\"40\" maxlength=\"400\" class=\"wpcf7-form-control wpcf7-email wpcf7-validates-as-required wpcf7-text wpcf7-validates-as-email\" aria-required=\"true\" aria-invalid=\"false\" placeholder=\"Email\" value=\"\" type=\"email\" name=\"your-email\" \/><\/span>\n<\/p>\n<p><span class=\"wpcf7-form-control-wrap\" data-name=\"your-company\"><input size=\"40\" maxlength=\"400\" class=\"wpcf7-form-control wpcf7-text\" aria-invalid=\"false\" placeholder=\"Empresa\" value=\"\" type=\"text\" name=\"your-company\" \/><\/span>\n<\/p>\n<p><span class=\"wpcf7-form-control-wrap\" data-name=\"formacion\"><select class=\"wpcf7-form-control wpcf7-select wpcf7-validates-as-required\" aria-required=\"true\" aria-invalid=\"false\" name=\"formacion\"><option value=\"\">Escull formaci\u00f3<\/option><option value=\"Formaci\u00f3 especialitzada\">Formaci\u00f3 especialitzada<\/option><option value=\"Formaci\u00f3 en reparaci\u00f3 de vehicles el\u00e8ctrics\">Formaci\u00f3 en reparaci\u00f3 de vehicles el\u00e8ctrics<\/option><option value=\"Formaci\u00f3 en reparaci\u00f3 de servomotors\">Formaci\u00f3 en reparaci\u00f3 de servomotors<\/option><\/select><\/span>\n<\/p>\n<p><span class=\"wpcf7-form-control-wrap\" data-name=\"your-message\"><textarea cols=\"40\" rows=\"10\" maxlength=\"2000\" class=\"wpcf7-form-control wpcf7-textarea\" aria-invalid=\"false\" placeholder=\"Missatge\" name=\"your-message\"><\/textarea><\/span>\n<\/p>\n<p><span class=\"wpcf7-form-control-wrap\" data-name=\"your-privacy\"><span class=\"wpcf7-form-control wpcf7-checkbox wpcf7-validates-as-required\"><span class=\"wpcf7-list-item first last\"><input type=\"checkbox\" name=\"your-privacy[]\" value=\"He llegit i accepto la pol\u00edtica de privacitat\" \/><span class=\"wpcf7-list-item-label\">He llegit i accepto la pol\u00edtica de privacitat<\/span><\/span><\/span><\/span>\n<\/p>\n<p><input class=\"wpcf7-form-control wpcf7-submit has-spinner btn btn-large btn-black float-right\" type=\"submit\" value=\"CONTACTAR\" \/>\n<\/p><div class=\"wpcf7-response-output\" aria-hidden=\"true\"><\/div>\n<\/form>\n<\/div>\n<\/div><\/div><\/div><\/div><\/div><\/div><\/div><div class=\"wpb_column vc_column_container vc_col-sm-6 vc_hidden-xs col-xs-mobile-fullwidth wow none\"><div class=\"vc_column-inner vc_custom_1536228592774\"><div class=\"wpb_wrapper\">[vc_single_image image=&#8221;1695&#8243; img_size=&#8221;full&#8221;]<\/div><\/div><\/div><\/section><div class=\"vc_row-full-width vc_clearfix\"><\/div>\n","protected":false},"excerpt":{"rendered":"[vc_single_image image=\"2127\" img_size=\"full\"]Especialitza't en la reparaci\u00f3 de vehicles el\u00e8ctrics i en el funcionament de servomotors. [vc_separator color=\"black\" align=\"align_left\" border_width=\"4\" el_width=\"40\"]A Servo Motors Adjust pensem que la formaci\u00f3 constant \u00e9s essencial per respondre als reptes de la quarta Revoluci\u00f3 Industrial. La ind\u00fastria de l'automoci\u00f3 patir\u00e0 una transformaci\u00f3 encara m\u00e9s gran en els pr\u00f2xims 5 a 10 anys que en els 50 anteriors. Per aix\u00f2, qualsevol especialista necessita estar al dia de les tend\u00e8ncies disruptives que revolucionaran el sector en els propers anys. Formaci\u00f3 especialitzada [vc_separator color=\"black\" align=\"align_left\" border_width=\"4\" el_width=\"40\" css=\".vc_custom_1539091490234{padding-bottom: 25px !important;}\"]Per a: Enginyers t\u00e8cnics. Professionals del sector automoci\u00f3. Professionals d'entitats p\u00fabliques amb vincles tecnol\u00f2gics. Programa: Cursos de 32 h. Cursos individuals o per a grups de 6 a 8 persones. Formaci\u00f3 en les instal\u00b7lacions del client o a les nostres instal\u00b7lacions. [vc_single_image image=\"2125\" img_size=\"full\" alignment=\"right\"][vc_single_image image=\"523\" img_size=\"full\" alignment=\"right\"]Formaci\u00f3 en reparaci\u00f3 de vehicles el\u00e8ctrics [vc_separator color=\"black\" align=\"align_left\" border_width=\"4\" el_width=\"30\" css=\".vc_custom_1534242165203{margin-bottom: 50px !important;}\"]Objectius del programa Analitzar els sistemes i tecnologies de la propulsi\u00f3 el\u00e8ctrica i h\u00edbrida (combinaci\u00f3 d'el\u00e8ctrica amb la combusti\u00f3 interna tradicional). Estudiar la tipologia i configuraci\u00f3 de la hibridaci\u00f3 d'acord amb el tipus de vehicle. Analitzar els sistemes d'emmagatzematge d'energia i la gesti\u00f3 interna. Aprendre les bases t\u00e8cniques dels motors...","protected":false},"author":1,"featured_media":0,"parent":0,"menu_order":0,"comment_status":"closed","ping_status":"closed","template":"","meta":{"footnotes":""},"class_list":["post-1415","page","type-page","status-publish","hentry"],"yoast_head":"<!-- This site is optimized with the Yoast SEO Premium plugin v19.1 (Yoast SEO v27.5) - https:\/\/yoast.com\/product\/yoast-seo-premium-wordpress\/ -->\n<title>Formaci\u00f3 * Servomotors<\/title>\n<meta name=\"robots\" content=\"index, follow, max-snippet:-1, max-image-preview:large, max-video-preview:-1\" \/>\n<link rel=\"canonical\" href=\"https:\/\/www.servomotorsadjust.com\/ca\/formacion\/\" \/>\n<meta property=\"og:locale\" content=\"ca_ES\" \/>\n<meta property=\"og:type\" content=\"article\" \/>\n<meta property=\"og:title\" content=\"Formaci\u00f3\" \/>\n<meta property=\"og:url\" content=\"https:\/\/www.servomotorsadjust.com\/ca\/formacion\/\" \/>\n<meta property=\"og:site_name\" content=\"Servomotors\" \/>\n<meta property=\"article:publisher\" content=\"https:\/\/www.facebook.com\/Servomotors\/\" \/>\n<meta property=\"article:modified_time\" content=\"2021-11-26T10:15:55+00:00\" \/>\n<meta name=\"twitter:card\" content=\"summary_large_image\" \/>\n<meta name=\"twitter:site\" content=\"@ServoAdjust\" \/>\n<meta name=\"twitter:label1\" content=\"Temps estimat de lectura\" \/>\n\t<meta name=\"twitter:data1\" content=\"3 minuts\" \/>\n<script type=\"application\/ld+json\" class=\"yoast-schema-graph\">{\"@context\":\"https:\\\/\\\/schema.org\",\"@graph\":[{\"@type\":\"WebPage\",\"@id\":\"https:\\\/\\\/www.servomotorsadjust.com\\\/ca\\\/formacion\\\/\",\"url\":\"https:\\\/\\\/www.servomotorsadjust.com\\\/ca\\\/formacion\\\/\",\"name\":\"Formaci\u00f3 * Servomotors\",\"isPartOf\":{\"@id\":\"https:\\\/\\\/www.servomotorsadjust.com\\\/en\\\/#website\"},\"datePublished\":\"2018-08-14T10:31:39+00:00\",\"dateModified\":\"2021-11-26T10:15:55+00:00\",\"breadcrumb\":{\"@id\":\"https:\\\/\\\/www.servomotorsadjust.com\\\/ca\\\/formacion\\\/#breadcrumb\"},\"inLanguage\":\"ca\",\"potentialAction\":[{\"@type\":\"ReadAction\",\"target\":[\"https:\\\/\\\/www.servomotorsadjust.com\\\/ca\\\/formacion\\\/\"]}]},{\"@type\":\"BreadcrumbList\",\"@id\":\"https:\\\/\\\/www.servomotorsadjust.com\\\/ca\\\/formacion\\\/#breadcrumb\",\"itemListElement\":[{\"@type\":\"ListItem\",\"position\":1,\"name\":\"Home\",\"item\":\"https:\\\/\\\/www.servomotorsadjust.com\\\/ca\\\/\"},{\"@type\":\"ListItem\",\"position\":2,\"name\":\"Formaci\u00f3\"}]},{\"@type\":\"WebSite\",\"@id\":\"https:\\\/\\\/www.servomotorsadjust.com\\\/en\\\/#website\",\"url\":\"https:\\\/\\\/www.servomotorsadjust.com\\\/en\\\/\",\"name\":\"Servomotors\",\"description\":\"Servomotors\",\"publisher\":{\"@id\":\"https:\\\/\\\/www.servomotorsadjust.com\\\/en\\\/#organization\"},\"potentialAction\":[{\"@type\":\"SearchAction\",\"target\":{\"@type\":\"EntryPoint\",\"urlTemplate\":\"https:\\\/\\\/www.servomotorsadjust.com\\\/en\\\/?s={search_term_string}\"},\"query-input\":{\"@type\":\"PropertyValueSpecification\",\"valueRequired\":true,\"valueName\":\"search_term_string\"}}],\"inLanguage\":\"ca\"},{\"@type\":\"Organization\",\"@id\":\"https:\\\/\\\/www.servomotorsadjust.com\\\/en\\\/#organization\",\"name\":\"Servo Motors Adjust\",\"url\":\"https:\\\/\\\/www.servomotorsadjust.com\\\/en\\\/\",\"logo\":{\"@type\":\"ImageObject\",\"inLanguage\":\"ca\",\"@id\":\"https:\\\/\\\/www.servomotorsadjust.com\\\/en\\\/#\\\/schema\\\/logo\\\/image\\\/\",\"url\":\"https:\\\/\\\/www.servomotorsadjust.com\\\/wp-content\\\/uploads\\\/2018\\\/08\\\/logo_black@2x.jpg\",\"contentUrl\":\"https:\\\/\\\/www.servomotorsadjust.com\\\/wp-content\\\/uploads\\\/2018\\\/08\\\/logo_black@2x.jpg\",\"width\":796,\"height\":188,\"caption\":\"Servo Motors Adjust\"},\"image\":{\"@id\":\"https:\\\/\\\/www.servomotorsadjust.com\\\/en\\\/#\\\/schema\\\/logo\\\/image\\\/\"},\"sameAs\":[\"https:\\\/\\\/www.facebook.com\\\/Servomotors\\\/\",\"https:\\\/\\\/x.com\\\/ServoAdjust\",\"https:\\\/\\\/www.instagram.com\\\/servomotorsadjust\\\/\",\"https:\\\/\\\/www.linkedin.com\\\/company\\\/1365897\\\/admin\\\/\",\"https:\\\/\\\/www.youtube.com\\\/channel\\\/UCS7f02aKW2nzaLFRsbYC0Wg\"]}]}<\/script>\n<!-- \/ Yoast SEO Premium plugin. -->","yoast_head_json":{"title":"Formaci\u00f3 * Servomotors","robots":{"index":"index","follow":"follow","max-snippet":"max-snippet:-1","max-image-preview":"max-image-preview:large","max-video-preview":"max-video-preview:-1"},"canonical":"https:\/\/www.servomotorsadjust.com\/ca\/formacion\/","og_locale":"ca_ES","og_type":"article","og_title":"Formaci\u00f3","og_url":"https:\/\/www.servomotorsadjust.com\/ca\/formacion\/","og_site_name":"Servomotors","article_publisher":"https:\/\/www.facebook.com\/Servomotors\/","article_modified_time":"2021-11-26T10:15:55+00:00","twitter_card":"summary_large_image","twitter_site":"@ServoAdjust","twitter_misc":{"Temps estimat de lectura":"3 minuts"},"schema":{"@context":"https:\/\/schema.org","@graph":[{"@type":"WebPage","@id":"https:\/\/www.servomotorsadjust.com\/ca\/formacion\/","url":"https:\/\/www.servomotorsadjust.com\/ca\/formacion\/","name":"Formaci\u00f3 * Servomotors","isPartOf":{"@id":"https:\/\/www.servomotorsadjust.com\/en\/#website"},"datePublished":"2018-08-14T10:31:39+00:00","dateModified":"2021-11-26T10:15:55+00:00","breadcrumb":{"@id":"https:\/\/www.servomotorsadjust.com\/ca\/formacion\/#breadcrumb"},"inLanguage":"ca","potentialAction":[{"@type":"ReadAction","target":["https:\/\/www.servomotorsadjust.com\/ca\/formacion\/"]}]},{"@type":"BreadcrumbList","@id":"https:\/\/www.servomotorsadjust.com\/ca\/formacion\/#breadcrumb","itemListElement":[{"@type":"ListItem","position":1,"name":"Home","item":"https:\/\/www.servomotorsadjust.com\/ca\/"},{"@type":"ListItem","position":2,"name":"Formaci\u00f3"}]},{"@type":"WebSite","@id":"https:\/\/www.servomotorsadjust.com\/en\/#website","url":"https:\/\/www.servomotorsadjust.com\/en\/","name":"Servomotors","description":"Servomotors","publisher":{"@id":"https:\/\/www.servomotorsadjust.com\/en\/#organization"},"potentialAction":[{"@type":"SearchAction","target":{"@type":"EntryPoint","urlTemplate":"https:\/\/www.servomotorsadjust.com\/en\/?s={search_term_string}"},"query-input":{"@type":"PropertyValueSpecification","valueRequired":true,"valueName":"search_term_string"}}],"inLanguage":"ca"},{"@type":"Organization","@id":"https:\/\/www.servomotorsadjust.com\/en\/#organization","name":"Servo Motors Adjust","url":"https:\/\/www.servomotorsadjust.com\/en\/","logo":{"@type":"ImageObject","inLanguage":"ca","@id":"https:\/\/www.servomotorsadjust.com\/en\/#\/schema\/logo\/image\/","url":"https:\/\/www.servomotorsadjust.com\/wp-content\/uploads\/2018\/08\/logo_black@2x.jpg","contentUrl":"https:\/\/www.servomotorsadjust.com\/wp-content\/uploads\/2018\/08\/logo_black@2x.jpg","width":796,"height":188,"caption":"Servo Motors Adjust"},"image":{"@id":"https:\/\/www.servomotorsadjust.com\/en\/#\/schema\/logo\/image\/"},"sameAs":["https:\/\/www.facebook.com\/Servomotors\/","https:\/\/x.com\/ServoAdjust","https:\/\/www.instagram.com\/servomotorsadjust\/","https:\/\/www.linkedin.com\/company\/1365897\/admin\/","https:\/\/www.youtube.com\/channel\/UCS7f02aKW2nzaLFRsbYC0Wg"]}]}},"_links":{"self":[{"href":"https:\/\/www.servomotorsadjust.com\/ca\/wp-json\/wp\/v2\/pages\/1415","targetHints":{"allow":["GET"]}}],"collection":[{"href":"https:\/\/www.servomotorsadjust.com\/ca\/wp-json\/wp\/v2\/pages"}],"about":[{"href":"https:\/\/www.servomotorsadjust.com\/ca\/wp-json\/wp\/v2\/types\/page"}],"author":[{"embeddable":true,"href":"https:\/\/www.servomotorsadjust.com\/ca\/wp-json\/wp\/v2\/users\/1"}],"replies":[{"embeddable":true,"href":"https:\/\/www.servomotorsadjust.com\/ca\/wp-json\/wp\/v2\/comments?post=1415"}],"version-history":[{"count":0,"href":"https:\/\/www.servomotorsadjust.com\/ca\/wp-json\/wp\/v2\/pages\/1415\/revisions"}],"wp:attachment":[{"href":"https:\/\/www.servomotorsadjust.com\/ca\/wp-json\/wp\/v2\/media?parent=1415"}],"curies":[{"name":"wp","href":"https:\/\/api.w.org\/{rel}","templated":true}]}}